{"id":2,"date":"2023-06-05T19:11:49","date_gmt":"2023-06-05T19:11:49","guid":{"rendered":"https:\/\/svarstadfysioterapi.no\/wordpress\/?page_id=2"},"modified":"2024-02-29T09:28:27","modified_gmt":"2024-02-29T09:28:27","slug":"2-2","status":"publish","type":"page","link":"https:\/\/svarstadfysioterapi.no\/wordpress\/","title":{"rendered":"Forside"},"content":{"rendered":"\n\n\n\n<h1>Muskel- og skjelettplager er v\u00e5r hovedkompetanse<br><\/h1><div><br><\/div><div>Med ulike spesialiteter og personligheter har vi verkt\u00f8yene som skal til for \u00e5 hjelpe deg.<\/div><div>Du kan komme direkte til v\u00e6re fysioterapeuter, uten henvisning fra lege.<\/div><div>Vi arbeider med kommunal driftsavtale slik at du kun betaler egenandel.<\/div><div><br><\/div>\n\n\n\n\n\n\n\n\n\n\n\n\n\n\n\n\n\n\n\n\n\n\nMaster i idrettsfysioterapi<div>Tlf: 45 41 02 86<br><p><br><\/p><\/div>\n\n\n\n\n\n\nPsykomotorisk fysioterapeut<div>Tlf: 33 12 84 02<\/div>\n\n\n\n\n\n\n<h2><br><\/h2><h2>Vi har kunnskap om de fleste typer smertelidelser og jobber b\u00e5de med behandling og forebygging av skader og sykdom<\/h2><p>N\u00e5r du kommer til oss gj\u00f8r vi f\u00f8rst en grundig unders\u00f8kelse basert p\u00e5 dine symptomer og historikk. Sammen finner vi passende tiltak.<\/p><p>Vi gj\u00f8r fortl\u00f8pende evaluering av effekt og endrer eventuelle tiltak om behovet melder seg.<\/p><p>Vi samarbeider tett med Svarstad Legesenter og kan hjelpe deg videre om dette er n\u00f8dvendig.<\/p><p><br><\/p>\n\n\n\n\n\n\n\n\n\n","protected":false},"excerpt":{"rendered":"","protected":false},"author":1,"featured_media":0,"parent":0,"menu_order":0,"comment_status":"closed","ping_status":"closed","template":"","meta":{"pagelayer_contact_templates":[],"_pagelayer_content":"","footnotes":""},"class_list":["post-2","page","type-page","status-publish","hentry"],"_links":{"self":[{"href":"https:\/\/svarstadfysioterapi.no\/wordpress\/index.php?rest_route=\/wp\/v2\/pages\/2","targetHints":{"allow":["GET"]}}],"collection":[{"href":"https:\/\/svarstadfysioterapi.no\/wordpress\/index.php?rest_route=\/wp\/v2\/pages"}],"about":[{"href":"https:\/\/svarstadfysioterapi.no\/wordpress\/index.php?rest_route=\/wp\/v2\/types\/page"}],"author":[{"embeddable":true,"href":"https:\/\/svarstadfysioterapi.no\/wordpress\/index.php?rest_route=\/wp\/v2\/users\/1"}],"replies":[{"embeddable":true,"href":"https:\/\/svarstadfysioterapi.no\/wordpress\/index.php?rest_route=%2Fwp%2Fv2%2Fcomments&post=2"}],"version-history":[{"count":71,"href":"https:\/\/svarstadfysioterapi.no\/wordpress\/index.php?rest_route=\/wp\/v2\/pages\/2\/revisions"}],"predecessor-version":[{"id":201,"href":"https:\/\/svarstadfysioterapi.no\/wordpress\/index.php?rest_route=\/wp\/v2\/pages\/2\/revisions\/201"}],"wp:attachment":[{"href":"https:\/\/svarstadfysioterapi.no\/wordpress\/index.php?rest_route=%2Fwp%2Fv2%2Fmedia&parent=2"}],"curies":[{"name":"wp","href":"https:\/\/api.w.org\/{rel}","templated":true}]}}