{"id":10,"date":"2023-06-07T19:11:41","date_gmt":"2023-06-07T19:11:41","guid":{"rendered":"https:\/\/svarstadfysioterapi.no\/wordpress\/?page_id=10"},"modified":"2024-02-29T09:31:44","modified_gmt":"2024-02-29T09:31:44","slug":"blogg","status":"publish","type":"page","link":"https:\/\/svarstadfysioterapi.no\/wordpress\/?page_id=10","title":{"rendered":"Fysioterapi"},"content":{"rendered":"\n\n\n\n\n\n\n<p>Fysioterapeuter jobber med kropp og bevegelse for \u00e5 fremme god helse.&nbsp;<\/p><p>En fysioterapeut forebygger og behandler skader og sykdommer som gir smerter og\/eller nedsatt funksjon i muskel- og skjelettsystemet.<\/p>\n<p> Behandlingen er basert p\u00e5 unders\u00f8kelse og vurdering av pasientens problem og hva pasienten selv \u00f8nsker hjelp til.&nbsp;<\/p><p>M\u00e5let er at pasienten kan utvikle, gjenvinne eller holde ved like funksjonsevne, utnytte egne ressurser og bidra aktivt i en bedre egen helse. For \u00e5 f\u00e5 til dette er det viktig at pasienten og fysioterapeuten utvikler et trygt og tillitsfullt forhold.<\/p>\n<p>\n\nFysioterapeuter behandler enkeltpersoner i alle aldre, men kan ogs\u00e5 jobbe helsefremmende mot enkeltpersoner, grupper og samfunnsniv\u00e5. Fysioterapeuter samarbeider ofte med annet helsepersonell.<\/p>\n<p>\n\nFysioterapeuter arbeider i den kommunale helsetjenesten, p\u00e5 sykehus, institusjoner og i bedriftshelsetjeneste.&nbsp;<\/p><p>Mange arbeider p\u00e5 privat fysikalske institutt. Fysioterapeuter kan ogs\u00e5 arbeide hos fylkeslegen, helsetilsyn og avdeling.\n<\/p>\n<p>\n<\/p>\n<p>\u00abFysioterapeut\u00bb er en beskyttet tittel som krever autorisasjon fra Helsedirektoratet.<\/p><p>&nbsp;For \u00e5 f\u00e5 autorisasjon m\u00e5 man etter endt utdanning gjennomf\u00f8re ett\u00e5rig, l\u00f8nnet turnustjeneste.<\/p>\n\n\n\n","protected":false},"excerpt":{"rendered":"","protected":false},"author":1,"featured_media":0,"parent":0,"menu_order":0,"comment_status":"closed","ping_status":"closed","template":"","meta":{"pagelayer_contact_templates":[],"_pagelayer_content":"","footnotes":""},"class_list":["post-10","page","type-page","status-publish","hentry"],"_links":{"self":[{"href":"https:\/\/svarstadfysioterapi.no\/wordpress\/index.php?rest_route=\/wp\/v2\/pages\/10","targetHints":{"allow":["GET"]}}],"collection":[{"href":"https:\/\/svarstadfysioterapi.no\/wordpress\/index.php?rest_route=\/wp\/v2\/pages"}],"about":[{"href":"https:\/\/svarstadfysioterapi.no\/wordpress\/index.php?rest_route=\/wp\/v2\/types\/page"}],"author":[{"embeddable":true,"href":"https:\/\/svarstadfysioterapi.no\/wordpress\/index.php?rest_route=\/wp\/v2\/users\/1"}],"replies":[{"embeddable":true,"href":"https:\/\/svarstadfysioterapi.no\/wordpress\/index.php?rest_route=%2Fwp%2Fv2%2Fcomments&post=10"}],"version-history":[{"count":7,"href":"https:\/\/svarstadfysioterapi.no\/wordpress\/index.php?rest_route=\/wp\/v2\/pages\/10\/revisions"}],"predecessor-version":[{"id":202,"href":"https:\/\/svarstadfysioterapi.no\/wordpress\/index.php?rest_route=\/wp\/v2\/pages\/10\/revisions\/202"}],"wp:attachment":[{"href":"https:\/\/svarstadfysioterapi.no\/wordpress\/index.php?rest_route=%2Fwp%2Fv2%2Fmedia&parent=10"}],"curies":[{"name":"wp","href":"https:\/\/api.w.org\/{rel}","templated":true}]}}